{"id":3483,"date":"2024-08-25T18:45:11","date_gmt":"2024-08-25T15:45:11","guid":{"rendered":"https:\/\/lumenstudios.weelloh.com\/?page_id=3483"},"modified":"2024-09-25T09:39:39","modified_gmt":"2024-09-25T06:39:39","slug":"lumen-studios-madagascar","status":"publish","type":"page","link":"https:\/\/lumen-studios.mg\/fr\/lumen-studios-madagascar\/","title":{"rendered":"Lumen Studios Madagascar : \u00e0 propos"},"content":{"rendered":"<div data-elementor-type=\"wp-page\" data-elementor-id=\"3483\" class=\"elementor elementor-3483\" data-elementor-post-type=\"page\">\n\t\t\t\t<div class=\"elementor-element elementor-element-b2cad2a e-flex e-con-boxed e-con e-parent\" data-id=\"b2cad2a\" data-element_type=\"container\">\n\t\t\t\t\t<div class=\"e-con-inner\">\n\t\t<div class=\"elementor-element elementor-element-15575e2 e-con-full e-flex e-con e-child\" data-id=\"15575e2\" data-element_type=\"container\">\n\t\t<div class=\"elementor-element elementor-element-9a87204 e-flex e-con-boxed e-con e-child\" data-id=\"9a87204\" data-element_type=\"container\">\n\t\t\t\t\t<div class=\"e-con-inner\">\n\t\t\t\t<div class=\"elementor-element elementor-element-2050d09 elementor-widget elementor-widget-heading\" data-id=\"2050d09\" data-element_type=\"widget\" data-widget_type=\"heading.default\">\n\t\t\t\t<div class=\"elementor-widget-container\">\n\t\t\t\t\t<p class=\"elementor-heading-title elementor-size-default\">Managing Director<\/p>\t\t\t\t<\/div>\n\t\t\t\t<\/div>\n\t\t\t\t<div class=\"elementor-element elementor-element-fb7c818 elementor-widget elementor-widget-heading\" data-id=\"fb7c818\" data-element_type=\"widget\" data-widget_type=\"heading.default\">\n\t\t\t\t<div class=\"elementor-widget-container\">\n\t\t\t\t\t<p class=\"elementor-heading-title elementor-size-default\">Sandrine Rabary<\/p>\t\t\t\t<\/div>\n\t\t\t\t<\/div>\n\t\t\t\t\t<\/div>\n\t\t\t\t<\/div>\n\t\t<div class=\"elementor-element elementor-element-471e81e e-flex e-con-boxed e-con e-child\" data-id=\"471e81e\" data-element_type=\"container\">\n\t\t\t\t\t<div class=\"e-con-inner\">\n\t\t\t\t<div class=\"elementor-element elementor-element-f820f14 elementor-widget elementor-widget-heading\" data-id=\"f820f14\" data-element_type=\"widget\" data-widget_type=\"heading.default\">\n\t\t\t\t<div class=\"elementor-widget-container\">\n\t\t\t\t\t<p class=\"elementor-heading-title elementor-size-default\">Headquarter<\/p>\t\t\t\t<\/div>\n\t\t\t\t<\/div>\n\t\t\t\t<div class=\"elementor-element elementor-element-d055ccd elementor-widget elementor-widget-heading\" data-id=\"d055ccd\" data-element_type=\"widget\" data-widget_type=\"heading.default\">\n\t\t\t\t<div class=\"elementor-widget-container\">\n\t\t\t\t\t<p class=\"elementor-heading-title elementor-size-default\">Antananarivo, MDG<\/p>\t\t\t\t<\/div>\n\t\t\t\t<\/div>\n\t\t\t\t\t<\/div>\n\t\t\t\t<\/div>\n\t\t\t\t<\/div>\n\t\t<div class=\"elementor-element elementor-element-5c3eedf e-con-full e-flex e-con e-child\" data-id=\"5c3eedf\" data-element_type=\"container\">\n\t\t\t\t<div class=\"elementor-element elementor-element-cd85e34 elementor-widget elementor-widget-text-editor\" data-id=\"cd85e34\" data-element_type=\"widget\" data-widget_type=\"text-editor.default\">\n\t\t\t\t<div class=\"elementor-widget-container\">\n\t\t\t\t\t\t\t\t\t<p><span style=\"font-weight: 400;\">Young and dynamic, our team works in graphic communication, in a company dedicated to capturing the beauty of every moment and enhancing your projects through <a href=\"https:\/\/taninjanakay.xyz\/photographe-madagascar-metiers-incompris\/\" target=\"_blank\" rel=\"noopener\">the art of photography<\/a>. Lumen Studios Madagascar works alongside you to bring your ideas to life and reveal your potential, with a creative eye and an authentic approach that truly reflects who you are.<br \/><\/span><\/p>\t\t\t\t\t\t\t\t<\/div>\n\t\t\t\t<\/div>\n\t\t\t\t<\/div>\n\t\t\t\t\t<\/div>\n\t\t\t\t<\/div>\n\t\t<div class=\"elementor-element elementor-element-9de889d e-flex e-con-boxed e-con e-parent\" data-id=\"9de889d\" data-element_type=\"container\">\n\t\t\t\t\t<div class=\"e-con-inner\">\n\t\t<div class=\"elementor-element elementor-element-66b7f7e e-flex e-con-boxed e-con e-child\" data-id=\"66b7f7e\" data-element_type=\"container\" data-settings=\"{&quot;background_background&quot;:&quot;classic&quot;}\">\n\t\t\t\t\t<div class=\"e-con-inner\">\n\t\t\t\t\t<\/div>\n\t\t\t\t<\/div>\n\t\t\t\t\t<\/div>\n\t\t\t\t<\/div>\n\t\t<div class=\"elementor-element elementor-element-168531b e-flex e-con-boxed e-con e-parent\" data-id=\"168531b\" data-element_type=\"container\">\n\t\t\t\t\t<div class=\"e-con-inner\">\n\t\t\t\t<div class=\"elementor-element elementor-element-b18fac6 elementor-widget elementor-widget-text-editor\" data-id=\"b18fac6\" data-element_type=\"widget\" data-widget_type=\"text-editor.default\">\n\t\t\t\t<div class=\"elementor-widget-container\">\n\t\t\t\t\t\t\t\t\t<p><span style=\"font-weight: 400;\">Lumen Studios Madagascar supports you through every step of your creative projects, whether it&#8217;s building a photo database for your brand or your <a href=\"https:\/\/lumen-studios.mg\/fr\/category\/portrait-photography\/\" target=\"_blank\" rel=\"noopener\">real estate project<\/a>, designing your product\u2019s branding, or updating your company\u2019s <a href=\"https:\/\/lumen-studios.mg\/fr\/category\/portrait-photography\/\" target=\"_blank\" rel=\"noopener\">corporate photos<\/a>.<\/span><\/p>\t\t\t\t\t\t\t\t<\/div>\n\t\t\t\t<\/div>\n\t\t\t\t\t<\/div>\n\t\t\t\t<\/div>\n\t\t\t\t<\/div>","protected":false},"excerpt":{"rendered":"<p>Managing Director Sandrine Rabary Headquarter Antananarivo, MDG Young and dynamic, our team works in graphic communication, in a company dedicated to capturing the beauty of every moment and enhancing your projects through the art of photography. Lumen Studios Madagascar works alongside you to bring your ideas to life and reveal your potential, with a creative [&hellip;]<\/p>","protected":false},"author":1,"featured_media":0,"parent":0,"menu_order":0,"comment_status":"closed","ping_status":"closed","template":"elementor_header_footer","meta":{"_acf_changed":false,"footnotes":""},"class_list":["post-3483","page","type-page","status-publish","hentry"],"acf":[],"yoast_head":"<!-- This site is optimized with the Yoast SEO plugin v26.6 - https:\/\/yoast.com\/wordpress\/plugins\/seo\/ -->\n<title>Lumen Studios Madagascar : \u00e0 propos | Lumen Studios<\/title>\n<meta name=\"description\" content=\"D\u00e9couvrez Lumen Studios Madagascar, votre agence de photographes \u00e0 Madagascar : portraits, immobilier, mariages et \u00e9v\u00e9nements.\" \/>\n<meta name=\"robots\" content=\"index, follow, max-snippet:-1, max-image-preview:large, max-video-preview:-1\" \/>\n<link rel=\"canonical\" href=\"https:\/\/lumen-studios.mg\/fr\/lumen-studios-madagascar\/\" \/>\n<meta property=\"og:locale\" content=\"fr_FR\" \/>\n<meta property=\"og:type\" content=\"article\" \/>\n<meta property=\"og:title\" content=\"Lumen Studios Madagascar : \u00e0 propos | Lumen Studios\" \/>\n<meta property=\"og:description\" content=\"D\u00e9couvrez Lumen Studios Madagascar, votre agence de photographes \u00e0 Madagascar : portraits, immobilier, mariages et \u00e9v\u00e9nements.\" \/>\n<meta property=\"og:url\" content=\"https:\/\/lumen-studios.mg\/fr\/lumen-studios-madagascar\/\" \/>\n<meta property=\"og:site_name\" content=\"Lumen Studios\" \/>\n<meta property=\"article:publisher\" content=\"https:\/\/www.facebook.com\/lumenMG\" \/>\n<meta property=\"article:modified_time\" content=\"2024-09-25T06:39:39+00:00\" \/>\n<meta property=\"og:image\" content=\"https:\/\/lumen-studios.mg\/wp-content\/uploads\/2024\/09\/Lumen-Studios-fond-blanc.jpg\" \/>\n\t<meta property=\"og:image:width\" content=\"1200\" \/>\n\t<meta property=\"og:image:height\" content=\"675\" \/>\n\t<meta property=\"og:image:type\" content=\"image\/jpeg\" \/>\n<meta name=\"twitter:card\" content=\"summary_large_image\" \/>\n<meta name=\"twitter:site\" content=\"@LumenStudiosmg\" \/>\n<meta name=\"twitter:label1\" content=\"Dur\u00e9e de lecture estim\u00e9e\" \/>\n\t<meta name=\"twitter:data1\" content=\"1 minute\" \/>\n<script type=\"application\/ld+json\" class=\"yoast-schema-graph\">{\"@context\":\"https:\/\/schema.org\",\"@graph\":[{\"@type\":\"WebPage\",\"@id\":\"https:\/\/lumen-studios.mg\/lumen-studios-madagascar\/\",\"url\":\"https:\/\/lumen-studios.mg\/lumen-studios-madagascar\/\",\"name\":\"Lumen Studios Madagascar : \u00e0 propos | Lumen Studios\",\"isPartOf\":{\"@id\":\"https:\/\/lumen-studios.mg\/#website\"},\"datePublished\":\"2024-08-25T15:45:11+00:00\",\"dateModified\":\"2024-09-25T06:39:39+00:00\",\"description\":\"D\u00e9couvrez Lumen Studios Madagascar, votre agence de photographes \u00e0 Madagascar : portraits, immobilier, mariages et \u00e9v\u00e9nements.\",\"breadcrumb\":{\"@id\":\"https:\/\/lumen-studios.mg\/lumen-studios-madagascar\/#breadcrumb\"},\"inLanguage\":\"fr-FR\",\"potentialAction\":[{\"@type\":\"ReadAction\",\"target\":[\"https:\/\/lumen-studios.mg\/lumen-studios-madagascar\/\"]}]},{\"@type\":\"BreadcrumbList\",\"@id\":\"https:\/\/lumen-studios.mg\/lumen-studios-madagascar\/#breadcrumb\",\"itemListElement\":[{\"@type\":\"ListItem\",\"position\":1,\"name\":\"Accueil\",\"item\":\"https:\/\/lumen-studios.mg\/\"},{\"@type\":\"ListItem\",\"position\":2,\"name\":\"Lumen Studios Madagascar : \u00e0 propos\"}]},{\"@type\":\"WebSite\",\"@id\":\"https:\/\/lumen-studios.mg\/#website\",\"url\":\"https:\/\/lumen-studios.mg\/\",\"name\":\"Lumen Studios Madagascar\",\"description\":\"Bright, you deserve it !\",\"publisher\":{\"@id\":\"https:\/\/lumen-studios.mg\/#organization\"},\"alternateName\":\"Bright ! You deserve it\",\"potentialAction\":[{\"@type\":\"SearchAction\",\"target\":{\"@type\":\"EntryPoint\",\"urlTemplate\":\"https:\/\/lumen-studios.mg\/?s={search_term_string}\"},\"query-input\":{\"@type\":\"PropertyValueSpecification\",\"valueRequired\":true,\"valueName\":\"search_term_string\"}}],\"inLanguage\":\"fr-FR\"},{\"@type\":\"Organization\",\"@id\":\"https:\/\/lumen-studios.mg\/#organization\",\"name\":\"Lumen Studios Madagascar\",\"url\":\"https:\/\/lumen-studios.mg\/\",\"logo\":{\"@type\":\"ImageObject\",\"inLanguage\":\"fr-FR\",\"@id\":\"https:\/\/lumen-studios.mg\/#\/schema\/logo\/image\/\",\"url\":\"https:\/\/lumen-studios.mg\/wp-content\/uploads\/2024\/02\/Lumen-Studios-Couleur.png\",\"contentUrl\":\"https:\/\/lumen-studios.mg\/wp-content\/uploads\/2024\/02\/Lumen-Studios-Couleur.png\",\"width\":2000,\"height\":2000,\"caption\":\"Lumen Studios Madagascar\"},\"image\":{\"@id\":\"https:\/\/lumen-studios.mg\/#\/schema\/logo\/image\/\"},\"sameAs\":[\"https:\/\/www.facebook.com\/lumenMG\",\"https:\/\/x.com\/LumenStudiosmg\",\"https:\/\/www.instagram.com\/LumenStudios_mg\",\"https:\/\/www.linkedin.com\/company\/lumen-studios-madagascar\/\"]}]}<\/script>\n<!-- \/ Yoast SEO plugin. -->","yoast_head_json":{"title":"Lumen Studios Madagascar : \u00e0 propos | Lumen Studios","description":"D\u00e9couvrez Lumen Studios Madagascar, votre agence de photographes \u00e0 Madagascar : portraits, immobilier, mariages et \u00e9v\u00e9nements.","robots":{"index":"index","follow":"follow","max-snippet":"max-snippet:-1","max-image-preview":"max-image-preview:large","max-video-preview":"max-video-preview:-1"},"canonical":"https:\/\/lumen-studios.mg\/fr\/lumen-studios-madagascar\/","og_locale":"fr_FR","og_type":"article","og_title":"Lumen Studios Madagascar : \u00e0 propos | Lumen Studios","og_description":"D\u00e9couvrez Lumen Studios Madagascar, votre agence de photographes \u00e0 Madagascar : portraits, immobilier, mariages et \u00e9v\u00e9nements.","og_url":"https:\/\/lumen-studios.mg\/fr\/lumen-studios-madagascar\/","og_site_name":"Lumen Studios","article_publisher":"https:\/\/www.facebook.com\/lumenMG","article_modified_time":"2024-09-25T06:39:39+00:00","og_image":[{"width":1200,"height":675,"url":"https:\/\/lumen-studios.mg\/wp-content\/uploads\/2024\/09\/Lumen-Studios-fond-blanc.jpg","type":"image\/jpeg"}],"twitter_card":"summary_large_image","twitter_site":"@LumenStudiosmg","twitter_misc":{"Dur\u00e9e de lecture estim\u00e9e":"1 minute"},"schema":{"@context":"https:\/\/schema.org","@graph":[{"@type":"WebPage","@id":"https:\/\/lumen-studios.mg\/lumen-studios-madagascar\/","url":"https:\/\/lumen-studios.mg\/lumen-studios-madagascar\/","name":"Lumen Studios Madagascar : \u00e0 propos | Lumen Studios","isPartOf":{"@id":"https:\/\/lumen-studios.mg\/#website"},"datePublished":"2024-08-25T15:45:11+00:00","dateModified":"2024-09-25T06:39:39+00:00","description":"D\u00e9couvrez Lumen Studios Madagascar, votre agence de photographes \u00e0 Madagascar : portraits, immobilier, mariages et \u00e9v\u00e9nements.","breadcrumb":{"@id":"https:\/\/lumen-studios.mg\/lumen-studios-madagascar\/#breadcrumb"},"inLanguage":"fr-FR","potentialAction":[{"@type":"ReadAction","target":["https:\/\/lumen-studios.mg\/lumen-studios-madagascar\/"]}]},{"@type":"BreadcrumbList","@id":"https:\/\/lumen-studios.mg\/lumen-studios-madagascar\/#breadcrumb","itemListElement":[{"@type":"ListItem","position":1,"name":"Accueil","item":"https:\/\/lumen-studios.mg\/"},{"@type":"ListItem","position":2,"name":"Lumen Studios Madagascar : \u00e0 propos"}]},{"@type":"WebSite","@id":"https:\/\/lumen-studios.mg\/#website","url":"https:\/\/lumen-studios.mg\/","name":"+261348540021.","description":"Bright, you deserve it !","publisher":{"@id":"https:\/\/lumen-studios.mg\/#organization"},"alternateName":"Bright ! You deserve it","potentialAction":[{"@type":"SearchAction","target":{"@type":"EntryPoint","urlTemplate":"https:\/\/lumen-studios.mg\/?s={search_term_string}"},"query-input":{"@type":"PropertyValueSpecification","valueRequired":true,"valueName":"search_term_string"}}],"inLanguage":"fr-FR"},{"@type":"Organization","@id":"https:\/\/lumen-studios.mg\/#organization","name":"+261348540021.","url":"https:\/\/lumen-studios.mg\/","logo":{"@type":"ImageObject","inLanguage":"fr-FR","@id":"https:\/\/lumen-studios.mg\/#\/schema\/logo\/image\/","url":"https:\/\/lumen-studios.mg\/wp-content\/uploads\/2024\/02\/Lumen-Studios-Couleur.png","contentUrl":"https:\/\/lumen-studios.mg\/wp-content\/uploads\/2024\/02\/Lumen-Studios-Couleur.png","width":2000,"height":2000,"caption":"Lumen Studios Madagascar"},"image":{"@id":"https:\/\/lumen-studios.mg\/#\/schema\/logo\/image\/"},"sameAs":["https:\/\/www.facebook.com\/lumenMG","https:\/\/x.com\/LumenStudiosmg","https:\/\/www.instagram.com\/LumenStudios_mg","https:\/\/www.linkedin.com\/company\/lumen-studios-madagascar\/"]}]}},"_links":{"self":[{"href":"https:\/\/lumen-studios.mg\/fr\/wp-json\/wp\/v2\/pages\/3483","targetHints":{"allow":["GET"]}}],"collection":[{"href":"https:\/\/lumen-studios.mg\/fr\/wp-json\/wp\/v2\/pages"}],"about":[{"href":"https:\/\/lumen-studios.mg\/fr\/wp-json\/wp\/v2\/types\/page"}],"author":[{"embeddable":true,"href":"https:\/\/lumen-studios.mg\/fr\/wp-json\/wp\/v2\/users\/1"}],"replies":[{"embeddable":true,"href":"https:\/\/lumen-studios.mg\/fr\/wp-json\/wp\/v2\/comments?post=3483"}],"version-history":[{"count":5,"href":"https:\/\/lumen-studios.mg\/fr\/wp-json\/wp\/v2\/pages\/3483\/revisions"}],"predecessor-version":[{"id":3842,"href":"https:\/\/lumen-studios.mg\/fr\/wp-json\/wp\/v2\/pages\/3483\/revisions\/3842"}],"wp:attachment":[{"href":"https:\/\/lumen-studios.mg\/fr\/wp-json\/wp\/v2\/media?parent=3483"}],"curies":[{"name":"wp","href":"https:\/\/api.w.org\/{rel}","templated":true}]}}