{"id":3429,"date":"2024-08-24T10:20:43","date_gmt":"2024-08-24T07:20:43","guid":{"rendered":"https:\/\/lumenstudios.weelloh.com\/?page_id=3429"},"modified":"2025-01-08T10:39:44","modified_gmt":"2025-01-08T07:39:44","slug":"lumen-studios","status":"publish","type":"page","link":"https:\/\/lumen-studios.mg\/fr\/","title":{"rendered":"Bienvenue &#8211; Welcome &#8211; Tongasoa"},"content":{"rendered":"<div data-elementor-type=\"wp-page\" data-elementor-id=\"3429\" class=\"elementor elementor-3429\" data-elementor-post-type=\"page\">\n\t\t\t\t<div class=\"elementor-element elementor-element-b0c1f38 e-flex e-con-boxed e-con e-parent\" data-id=\"b0c1f38\" data-element_type=\"container\">\n\t\t\t\t\t<div class=\"e-con-inner\">\n\t\t\t\t<div class=\"elementor-element elementor-element-2a32a22 elementor-widget elementor-widget-heading\" data-id=\"2a32a22\" data-element_type=\"widget\" data-widget_type=\"heading.default\">\n\t\t\t\t<div class=\"elementor-widget-container\">\n\t\t\t\t\t<h2 class=\"elementor-heading-title elementor-size-default\">Studio artistique bas\u00e9 \u00e0 Antananarivo | MDG |<\/h2>\t\t\t\t<\/div>\n\t\t\t\t<\/div>\n\t\t\t\t<div class=\"elementor-element elementor-element-e22b46f elementor-widget elementor-widget-heading\" data-id=\"e22b46f\" data-element_type=\"widget\" data-widget_type=\"heading.default\">\n\t\t\t\t<div class=\"elementor-widget-container\">\n\t\t\t\t\t<h2 class=\"elementor-heading-title elementor-size-default\">Vos projets \u00e0 travers nos optiques<\/h2>\t\t\t\t<\/div>\n\t\t\t\t<\/div>\n\t\t\t\t<div class=\"elementor-element elementor-element-53563b0 elementor-widget elementor-widget-heading\" data-id=\"53563b0\" data-element_type=\"widget\" data-widget_type=\"heading.default\">\n\t\t\t\t<div class=\"elementor-widget-container\">\n\t\t\t\t\t<h2 class=\"elementor-heading-title elementor-size-default\">Acc\u00e9dez \u00e0 un million de possibilit\u00e9s<\/h2>\t\t\t\t<\/div>\n\t\t\t\t<\/div>\n\t\t\t\t\t<\/div>\n\t\t\t\t<\/div>\n\t\t<div class=\"elementor-element elementor-element-9879326 e-flex e-con-boxed e-con e-parent\" data-id=\"9879326\" data-element_type=\"container\">\n\t\t\t\t\t<div class=\"e-con-inner\">\n\t\t<div class=\"elementor-element elementor-element-19e4724 e-con-full e-flex e-con e-child\" data-id=\"19e4724\" data-element_type=\"container\">\n\t\t\t\t<div class=\"elementor-element elementor-element-97da1a1 elementor-flip-box--effect-zoom-in elementor-widget elementor-widget-flip-box\" data-id=\"97da1a1\" data-element_type=\"widget\" data-widget_type=\"flip-box.default\">\n\t\t\t\t<div class=\"elementor-widget-container\">\n\t\t\t\t\t\t\t<div class=\"elementor-flip-box\" tabindex=\"0\">\n\t\t\t<div class=\"elementor-flip-box__layer elementor-flip-box__front\">\n\t\t\t\t<div class=\"elementor-flip-box__layer__overlay\">\n\t\t\t\t\t<div class=\"elementor-flip-box__layer__inner\">\n\t\t\t\t\t\t\n\t\t\t\t\t\t\n\t\t\t\t\t\t\t\t\t\t\t<\/div>\n\t\t\t\t<\/div>\n\t\t\t<\/div>\n\t\t\t<a class=\"elementor-flip-box__layer elementor-flip-box__back\" href=\"\/fr\/category\/portrait-photography\/\">\n\t\t\t<div class=\"elementor-flip-box__layer__overlay\">\n\t\t\t\t<div class=\"elementor-flip-box__layer__inner\">\n\t\t\t\t\t\t\t\t\t\t\t<h3 class=\"elementor-flip-box__layer__title\">\n\t\t\t\t\t\t\tPhotographie de portrait\t\t\t\t\t\t<\/h3>\n\t\t\t\t\t\n\t\t\t\t\t\n\t\t\t\t\t\t\t\t<\/div>\n\t\t<\/div>\n\t\t<\/a>\n\t\t<\/div>\n\t\t\t\t\t\t<\/div>\n\t\t\t\t<\/div>\n\t\t\t\t<\/div>\n\t\t<div class=\"elementor-element elementor-element-ec830cd e-flex e-con-boxed e-con e-child\" data-id=\"ec830cd\" data-element_type=\"container\">\n\t\t\t\t\t<div class=\"e-con-inner\">\n\t\t<div class=\"elementor-element elementor-element-57b3d10 e-flex e-con-boxed e-con e-child\" data-id=\"57b3d10\" data-element_type=\"container\">\n\t\t\t\t\t<div class=\"e-con-inner\">\n\t\t<div class=\"elementor-element elementor-element-b166ce3 e-flex e-con-boxed e-con e-child\" data-id=\"b166ce3\" data-element_type=\"container\">\n\t\t\t\t\t<div class=\"e-con-inner\">\n\t\t\t\t<div class=\"elementor-element elementor-element-8cc0ba1 elementor-flip-box--effect-zoom-in elementor-widget elementor-widget-flip-box\" data-id=\"8cc0ba1\" data-element_type=\"widget\" data-widget_type=\"flip-box.default\">\n\t\t\t\t<div class=\"elementor-widget-container\">\n\t\t\t\t\t\t\t<div class=\"elementor-flip-box\" tabindex=\"0\">\n\t\t\t<div class=\"elementor-flip-box__layer elementor-flip-box__front\">\n\t\t\t\t<div class=\"elementor-flip-box__layer__overlay\">\n\t\t\t\t\t<div class=\"elementor-flip-box__layer__inner\">\n\t\t\t\t\t\t\n\t\t\t\t\t\t\n\t\t\t\t\t\t\t\t\t\t\t<\/div>\n\t\t\t\t<\/div>\n\t\t\t<\/div>\n\t\t\t<a class=\"elementor-flip-box__layer elementor-flip-box__back\" href=\"\/fr\/category\/event-photography\/\">\n\t\t\t<div class=\"elementor-flip-box__layer__overlay\">\n\t\t\t\t<div class=\"elementor-flip-box__layer__inner\">\n\t\t\t\t\t\t\t\t\t\t\t<h3 class=\"elementor-flip-box__layer__title\">\n\t\t\t\t\t\t\tPhotoreportage d\u2019\u00e9v\u00e9nement\t\t\t\t\t\t<\/h3>\n\t\t\t\t\t\n\t\t\t\t\t\n\t\t\t\t\t\t\t\t<\/div>\n\t\t<\/div>\n\t\t<\/a>\n\t\t<\/div>\n\t\t\t\t\t\t<\/div>\n\t\t\t\t<\/div>\n\t\t\t\t<div class=\"elementor-element elementor-element-d403bf4 elementor-flip-box--effect-zoom-in elementor-widget elementor-widget-flip-box\" data-id=\"d403bf4\" data-element_type=\"widget\" data-widget_type=\"flip-box.default\">\n\t\t\t\t<div class=\"elementor-widget-container\">\n\t\t\t\t\t\t\t<div class=\"elementor-flip-box\" tabindex=\"0\">\n\t\t\t<div class=\"elementor-flip-box__layer elementor-flip-box__front\">\n\t\t\t\t<div class=\"elementor-flip-box__layer__overlay\">\n\t\t\t\t\t<div class=\"elementor-flip-box__layer__inner\">\n\t\t\t\t\t\t\n\t\t\t\t\t\t\n\t\t\t\t\t\t\t\t\t\t\t<\/div>\n\t\t\t\t<\/div>\n\t\t\t<\/div>\n\t\t\t<a class=\"elementor-flip-box__layer elementor-flip-box__back\" href=\"\/fr\/category\/real-estate-photography\/\">\n\t\t\t<div class=\"elementor-flip-box__layer__overlay\">\n\t\t\t\t<div class=\"elementor-flip-box__layer__inner\">\n\t\t\t\t\t\t\t\t\t\t\t<h3 class=\"elementor-flip-box__layer__title\">\n\t\t\t\t\t\t\tPhotographie d\u2019immobilier\t\t\t\t\t\t<\/h3>\n\t\t\t\t\t\n\t\t\t\t\t\n\t\t\t\t\t\t\t\t<\/div>\n\t\t<\/div>\n\t\t<\/a>\n\t\t<\/div>\n\t\t\t\t\t\t<\/div>\n\t\t\t\t<\/div>\n\t\t\t\t\t<\/div>\n\t\t\t\t<\/div>\n\t\t<div class=\"elementor-element elementor-element-fccfd44 e-flex e-con-boxed e-con e-child\" data-id=\"fccfd44\" data-element_type=\"container\">\n\t\t\t\t\t<div class=\"e-con-inner\">\n\t\t\t\t<div class=\"elementor-element elementor-element-69b745d elementor-widget elementor-widget-image\" data-id=\"69b745d\" data-element_type=\"widget\" data-widget_type=\"image.default\">\n\t\t\t\t<div class=\"elementor-widget-container\">\n\t\t\t\t\t\t\t\t\t\t\t\t\t\t\t<img fetchpriority=\"high\" decoding=\"async\" width=\"328\" height=\"229\" src=\"https:\/\/lumen-studios.mg\/wp-content\/uploads\/2024\/08\/gf.png\" class=\"attachment-large size-large wp-image-3473\" alt=\"\" srcset=\"https:\/\/lumen-studios.mg\/wp-content\/uploads\/2024\/08\/gf.png 328w, https:\/\/lumen-studios.mg\/wp-content\/uploads\/2024\/08\/gf-300x209.png 300w, https:\/\/lumen-studios.mg\/wp-content\/uploads\/2024\/08\/gf-18x12.png 18w\" sizes=\"(max-width: 328px) 100vw, 328px\" \/>\t\t\t\t\t\t\t\t\t\t\t\t\t\t\t<\/div>\n\t\t\t\t<\/div>\n\t\t\t\t<div class=\"elementor-element elementor-element-7787a0d elementor-widget elementor-widget-text-editor\" data-id=\"7787a0d\" data-element_type=\"widget\" data-widget_type=\"text-editor.default\">\n\t\t\t\t<div class=\"elementor-widget-container\">\n\t\t\t\t\t\t\t\t\t<p>Un appareil photo ne fait pas une bonne photo, pas plus qu'une machine \u00e0 \u00e9crire n'\u00e9crit un bon roman.<\/p>\t\t\t\t\t\t\t\t<\/div>\n\t\t\t\t<\/div>\n\t\t\t\t<div class=\"elementor-element elementor-element-b1f3c03 elementor-widget elementor-widget-heading\" data-id=\"b1f3c03\" data-element_type=\"widget\" data-widget_type=\"heading.default\">\n\t\t\t\t<div class=\"elementor-widget-container\">\n\t\t\t\t\t<h2 class=\"elementor-heading-title elementor-size-default\">Peter Adams<\/h2>\t\t\t\t<\/div>\n\t\t\t\t<\/div>\n\t\t\t\t<div class=\"elementor-element elementor-element-1513c7a elementor-hidden-desktop elementor-hidden-tablet elementor-widget elementor-widget-button\" data-id=\"1513c7a\" data-element_type=\"widget\" data-widget_type=\"button.default\">\n\t\t\t\t<div class=\"elementor-widget-container\">\n\t\t\t\t\t\t\t\t\t<div class=\"elementor-button-wrapper\">\n\t\t\t\t\t<a class=\"elementor-button elementor-button-link elementor-size-sm\" href=\"#\">\n\t\t\t\t\t\t<span class=\"elementor-button-content-wrapper\">\n\t\t\t\t\t\t\t\t\t<span class=\"elementor-button-text\">D\u00e9couvrir d\u2019autres moments magiques<\/span>\n\t\t\t\t\t<\/span>\n\t\t\t\t\t<\/a>\n\t\t\t\t<\/div>\n\t\t\t\t\t\t\t\t<\/div>\n\t\t\t\t<\/div>\n\t\t\t\t\t<\/div>\n\t\t\t\t<\/div>\n\t\t\t\t\t<\/div>\n\t\t\t\t<\/div>\n\t\t<div class=\"elementor-element elementor-element-2f6f16c e-flex e-con-boxed e-con e-child\" data-id=\"2f6f16c\" data-element_type=\"container\">\n\t\t\t\t\t<div class=\"e-con-inner\">\n\t\t\t\t<div class=\"elementor-element elementor-element-be832cc elementor-flip-box--effect-zoom-in elementor-widget elementor-widget-flip-box\" data-id=\"be832cc\" data-element_type=\"widget\" data-widget_type=\"flip-box.default\">\n\t\t\t\t<div class=\"elementor-widget-container\">\n\t\t\t\t\t\t\t<div class=\"elementor-flip-box\" tabindex=\"0\">\n\t\t\t<div class=\"elementor-flip-box__layer elementor-flip-box__front\">\n\t\t\t\t<div class=\"elementor-flip-box__layer__overlay\">\n\t\t\t\t\t<div class=\"elementor-flip-box__layer__inner\">\n\t\t\t\t\t\t\n\t\t\t\t\t\t\n\t\t\t\t\t\t\t\t\t\t\t<\/div>\n\t\t\t\t<\/div>\n\t\t\t<\/div>\n\t\t\t<a class=\"elementor-flip-box__layer elementor-flip-box__back\" href=\"\/fr\/category\/wedding-photography\/\">\n\t\t\t<div class=\"elementor-flip-box__layer__overlay\">\n\t\t\t\t<div class=\"elementor-flip-box__layer__inner\">\n\t\t\t\t\t\t\t\t\t\t\t<h3 class=\"elementor-flip-box__layer__title\">\n\t\t\t\t\t\t\tPhotographie de mariage\t\t\t\t\t\t<\/h3>\n\t\t\t\t\t\n\t\t\t\t\t\n\t\t\t\t\t\t\t\t<\/div>\n\t\t<\/div>\n\t\t<\/a>\n\t\t<\/div>\n\t\t\t\t\t\t<\/div>\n\t\t\t\t<\/div>\n\t\t\t\t<div class=\"elementor-element elementor-element-71a3700 elementor-hidden-mobile elementor-widget elementor-widget-button\" data-id=\"71a3700\" data-element_type=\"widget\" data-widget_type=\"button.default\">\n\t\t\t\t<div class=\"elementor-widget-container\">\n\t\t\t\t\t\t\t\t\t<div class=\"elementor-button-wrapper\">\n\t\t\t\t\t<a class=\"elementor-button elementor-button-link elementor-size-sm\" href=\"\/fr\/all-posts\/\">\n\t\t\t\t\t\t<span class=\"elementor-button-content-wrapper\">\n\t\t\t\t\t\t\t\t\t<span class=\"elementor-button-text\">D\u00e9couvrir d\u2019autres moments magiques<\/span>\n\t\t\t\t\t<\/span>\n\t\t\t\t\t<\/a>\n\t\t\t\t<\/div>\n\t\t\t\t\t\t\t\t<\/div>\n\t\t\t\t<\/div>\n\t\t\t\t\t<\/div>\n\t\t\t\t<\/div>\n\t\t\t\t\t<\/div>\n\t\t\t\t<\/div>\n\t\t\t\t\t<\/div>\n\t\t\t\t<\/div>\n\t\t\t\t<\/div>","protected":false},"excerpt":{"rendered":"<p>Art studio from Antananarivo | MDG | Your projects throught ur lenses. Unlock a million possibilities Portrait Photography Event Photography Real Estate Photography A camera didn&#8217;t make a good picture anymore a typewriter wrote a great novel. Peter Adams Load more amazing moments Wedding Photography Load more amazing moments<\/p>","protected":false},"author":1,"featured_media":0,"parent":0,"menu_order":0,"comment_status":"closed","ping_status":"closed","template":"elementor_header_footer","meta":{"_acf_changed":false,"footnotes":""},"class_list":["post-3429","page","type-page","status-publish","hentry"],"acf":[],"yoast_head":"<!-- This site is optimized with the Yoast SEO plugin v26.6 - https:\/\/yoast.com\/wordpress\/plugins\/seo\/ -->\n<title>Bienvenue - Welcome - Tongasoa | Lumen Studios Madagascar<\/title>\n<meta name=\"description\" content=\"Bienvenue chez Lumen Studios Madagascar, votre partenaire photographe \u00e0 Madagascar : portrait, immobilier, \u00e9v\u00e9nements et mariages.\" \/>\n<meta name=\"robots\" content=\"index, follow, max-snippet:-1, max-image-preview:large, max-video-preview:-1\" \/>\n<link rel=\"canonical\" href=\"https:\/\/lumen-studios.mg\/fr\/\" \/>\n<meta property=\"og:locale\" content=\"fr_FR\" \/>\n<meta property=\"og:type\" content=\"article\" \/>\n<meta property=\"og:title\" content=\"Bienvenue - Welcome - Tongasoa | Lumen Studios Madagascar\" \/>\n<meta property=\"og:description\" content=\"Bienvenue chez Lumen Studios Madagascar, votre partenaire photographe \u00e0 Madagascar : portrait, immobilier, \u00e9v\u00e9nements et mariages.\" \/>\n<meta property=\"og:url\" content=\"https:\/\/lumen-studios.mg\/fr\/\" \/>\n<meta property=\"og:site_name\" content=\"Lumen Studios\" \/>\n<meta property=\"article:publisher\" content=\"https:\/\/www.facebook.com\/lumenMG\" \/>\n<meta property=\"article:modified_time\" content=\"2025-01-08T07:39:44+00:00\" \/>\n<meta property=\"og:image\" content=\"https:\/\/lumen-studios.mg\/wp-content\/uploads\/2024\/08\/gf.png\" \/>\n<meta name=\"twitter:card\" content=\"summary_large_image\" \/>\n<meta name=\"twitter:site\" content=\"@LumenStudiosmg\" \/>\n<meta name=\"twitter:label1\" content=\"Dur\u00e9e de lecture estim\u00e9e\" \/>\n\t<meta name=\"twitter:data1\" content=\"1 minute\" \/>\n<script type=\"application\/ld+json\" class=\"yoast-schema-graph\">{\"@context\":\"https:\/\/schema.org\",\"@graph\":[{\"@type\":\"WebPage\",\"@id\":\"https:\/\/lumen-studios.mg\/\",\"url\":\"https:\/\/lumen-studios.mg\/\",\"name\":\"Bienvenue - Welcome - Tongasoa | Lumen Studios Madagascar\",\"isPartOf\":{\"@id\":\"https:\/\/lumen-studios.mg\/#website\"},\"primaryImageOfPage\":{\"@id\":\"https:\/\/lumen-studios.mg\/#primaryimage\"},\"image\":{\"@id\":\"https:\/\/lumen-studios.mg\/#primaryimage\"},\"thumbnailUrl\":\"https:\/\/lumen-studios.mg\/wp-content\/uploads\/2024\/08\/gf.png\",\"datePublished\":\"2024-08-24T07:20:43+00:00\",\"dateModified\":\"2025-01-08T07:39:44+00:00\",\"description\":\"Bienvenue chez Lumen Studios Madagascar, votre partenaire photographe \u00e0 Madagascar : portrait, immobilier, \u00e9v\u00e9nements et mariages.\",\"breadcrumb\":{\"@id\":\"https:\/\/lumen-studios.mg\/#breadcrumb\"},\"inLanguage\":\"fr-FR\",\"potentialAction\":[{\"@type\":\"ReadAction\",\"target\":[\"https:\/\/lumen-studios.mg\/\"]}]},{\"@type\":\"ImageObject\",\"inLanguage\":\"fr-FR\",\"@id\":\"https:\/\/lumen-studios.mg\/#primaryimage\",\"url\":\"https:\/\/lumen-studios.mg\/wp-content\/uploads\/2024\/08\/gf.png\",\"contentUrl\":\"https:\/\/lumen-studios.mg\/wp-content\/uploads\/2024\/08\/gf.png\"},{\"@type\":\"BreadcrumbList\",\"@id\":\"https:\/\/lumen-studios.mg\/#breadcrumb\",\"itemListElement\":[{\"@type\":\"ListItem\",\"position\":1,\"name\":\"Accueil\",\"item\":\"https:\/\/lumen-studios.mg\/\"},{\"@type\":\"ListItem\",\"position\":2,\"name\":\"Bienvenue &#8211; Welcome &#8211; Tongasoa\"}]},{\"@type\":\"WebSite\",\"@id\":\"https:\/\/lumen-studios.mg\/#website\",\"url\":\"https:\/\/lumen-studios.mg\/\",\"name\":\"Lumen Studios Madagascar\",\"description\":\"Bright, you deserve it !\",\"publisher\":{\"@id\":\"https:\/\/lumen-studios.mg\/#organization\"},\"alternateName\":\"Bright ! You deserve it\",\"potentialAction\":[{\"@type\":\"SearchAction\",\"target\":{\"@type\":\"EntryPoint\",\"urlTemplate\":\"https:\/\/lumen-studios.mg\/?s={search_term_string}\"},\"query-input\":{\"@type\":\"PropertyValueSpecification\",\"valueRequired\":true,\"valueName\":\"search_term_string\"}}],\"inLanguage\":\"fr-FR\"},{\"@type\":\"Organization\",\"@id\":\"https:\/\/lumen-studios.mg\/#organization\",\"name\":\"Lumen Studios Madagascar\",\"url\":\"https:\/\/lumen-studios.mg\/\",\"logo\":{\"@type\":\"ImageObject\",\"inLanguage\":\"fr-FR\",\"@id\":\"https:\/\/lumen-studios.mg\/#\/schema\/logo\/image\/\",\"url\":\"https:\/\/lumen-studios.mg\/wp-content\/uploads\/2024\/02\/Lumen-Studios-Couleur.png\",\"contentUrl\":\"https:\/\/lumen-studios.mg\/wp-content\/uploads\/2024\/02\/Lumen-Studios-Couleur.png\",\"width\":2000,\"height\":2000,\"caption\":\"Lumen Studios Madagascar\"},\"image\":{\"@id\":\"https:\/\/lumen-studios.mg\/#\/schema\/logo\/image\/\"},\"sameAs\":[\"https:\/\/www.facebook.com\/lumenMG\",\"https:\/\/x.com\/LumenStudiosmg\",\"https:\/\/www.instagram.com\/LumenStudios_mg\",\"https:\/\/www.linkedin.com\/company\/lumen-studios-madagascar\/\"]}]}<\/script>\n<!-- \/ Yoast SEO plugin. -->","yoast_head_json":{"title":"Bienvenue - Welcome - Tongasoa | Lumen Studios Madagascar","description":"Bienvenue chez Lumen Studios Madagascar, votre partenaire photographe \u00e0 Madagascar : portrait, immobilier, \u00e9v\u00e9nements et mariages.","robots":{"index":"index","follow":"follow","max-snippet":"max-snippet:-1","max-image-preview":"max-image-preview:large","max-video-preview":"max-video-preview:-1"},"canonical":"https:\/\/lumen-studios.mg\/fr\/","og_locale":"fr_FR","og_type":"article","og_title":"Bienvenue - Welcome - Tongasoa | Lumen Studios Madagascar","og_description":"Bienvenue chez Lumen Studios Madagascar, votre partenaire photographe \u00e0 Madagascar : portrait, immobilier, \u00e9v\u00e9nements et mariages.","og_url":"https:\/\/lumen-studios.mg\/fr\/","og_site_name":"Lumen Studios","article_publisher":"https:\/\/www.facebook.com\/lumenMG","article_modified_time":"2025-01-08T07:39:44+00:00","og_image":[{"url":"https:\/\/lumen-studios.mg\/wp-content\/uploads\/2024\/08\/gf.png","type":"","width":"","height":""}],"twitter_card":"summary_large_image","twitter_site":"@LumenStudiosmg","twitter_misc":{"Dur\u00e9e de lecture estim\u00e9e":"1 minute"},"schema":{"@context":"https:\/\/schema.org","@graph":[{"@type":"WebPage","@id":"https:\/\/lumen-studios.mg\/","url":"https:\/\/lumen-studios.mg\/","name":"Bienvenue - Welcome - Tongasoa | Lumen Studios Madagascar","isPartOf":{"@id":"https:\/\/lumen-studios.mg\/#website"},"primaryImageOfPage":{"@id":"https:\/\/lumen-studios.mg\/#primaryimage"},"image":{"@id":"https:\/\/lumen-studios.mg\/#primaryimage"},"thumbnailUrl":"https:\/\/lumen-studios.mg\/wp-content\/uploads\/2024\/08\/gf.png","datePublished":"2024-08-24T07:20:43+00:00","dateModified":"2025-01-08T07:39:44+00:00","description":"Bienvenue chez Lumen Studios Madagascar, votre partenaire photographe \u00e0 Madagascar : portrait, immobilier, \u00e9v\u00e9nements et mariages.","breadcrumb":{"@id":"https:\/\/lumen-studios.mg\/#breadcrumb"},"inLanguage":"fr-FR","potentialAction":[{"@type":"ReadAction","target":["https:\/\/lumen-studios.mg\/"]}]},{"@type":"ImageObject","inLanguage":"fr-FR","@id":"https:\/\/lumen-studios.mg\/#primaryimage","url":"https:\/\/lumen-studios.mg\/wp-content\/uploads\/2024\/08\/gf.png","contentUrl":"https:\/\/lumen-studios.mg\/wp-content\/uploads\/2024\/08\/gf.png"},{"@type":"BreadcrumbList","@id":"https:\/\/lumen-studios.mg\/#breadcrumb","itemListElement":[{"@type":"ListItem","position":1,"name":"Accueil","item":"https:\/\/lumen-studios.mg\/"},{"@type":"ListItem","position":2,"name":"Bienvenue &#8211; Welcome &#8211; Tongasoa"}]},{"@type":"WebSite","@id":"https:\/\/lumen-studios.mg\/#website","url":"https:\/\/lumen-studios.mg\/","name":"+261348540021.","description":"Bright, you deserve it !","publisher":{"@id":"https:\/\/lumen-studios.mg\/#organization"},"alternateName":"Bright ! You deserve it","potentialAction":[{"@type":"SearchAction","target":{"@type":"EntryPoint","urlTemplate":"https:\/\/lumen-studios.mg\/?s={search_term_string}"},"query-input":{"@type":"PropertyValueSpecification","valueRequired":true,"valueName":"search_term_string"}}],"inLanguage":"fr-FR"},{"@type":"Organization","@id":"https:\/\/lumen-studios.mg\/#organization","name":"+261348540021.","url":"https:\/\/lumen-studios.mg\/","logo":{"@type":"ImageObject","inLanguage":"fr-FR","@id":"https:\/\/lumen-studios.mg\/#\/schema\/logo\/image\/","url":"https:\/\/lumen-studios.mg\/wp-content\/uploads\/2024\/02\/Lumen-Studios-Couleur.png","contentUrl":"https:\/\/lumen-studios.mg\/wp-content\/uploads\/2024\/02\/Lumen-Studios-Couleur.png","width":2000,"height":2000,"caption":"Lumen Studios Madagascar"},"image":{"@id":"https:\/\/lumen-studios.mg\/#\/schema\/logo\/image\/"},"sameAs":["https:\/\/www.facebook.com\/lumenMG","https:\/\/x.com\/LumenStudiosmg","https:\/\/www.instagram.com\/LumenStudios_mg","https:\/\/www.linkedin.com\/company\/lumen-studios-madagascar\/"]}]}},"_links":{"self":[{"href":"https:\/\/lumen-studios.mg\/fr\/wp-json\/wp\/v2\/pages\/3429","targetHints":{"allow":["GET"]}}],"collection":[{"href":"https:\/\/lumen-studios.mg\/fr\/wp-json\/wp\/v2\/pages"}],"about":[{"href":"https:\/\/lumen-studios.mg\/fr\/wp-json\/wp\/v2\/types\/page"}],"author":[{"embeddable":true,"href":"https:\/\/lumen-studios.mg\/fr\/wp-json\/wp\/v2\/users\/1"}],"replies":[{"embeddable":true,"href":"https:\/\/lumen-studios.mg\/fr\/wp-json\/wp\/v2\/comments?post=3429"}],"version-history":[{"count":5,"href":"https:\/\/lumen-studios.mg\/fr\/wp-json\/wp\/v2\/pages\/3429\/revisions"}],"predecessor-version":[{"id":3857,"href":"https:\/\/lumen-studios.mg\/fr\/wp-json\/wp\/v2\/pages\/3429\/revisions\/3857"}],"wp:attachment":[{"href":"https:\/\/lumen-studios.mg\/fr\/wp-json\/wp\/v2\/media?parent=3429"}],"curies":[{"name":"wp","href":"https:\/\/api.w.org\/{rel}","templated":true}]}}